{"id":2469,"date":"2025-04-06T22:33:30","date_gmt":"2025-04-06T15:33:30","guid":{"rendered":"https:\/\/optimalcaesolution.com\/cae-trong-san-suat\/"},"modified":"2025-07-12T23:51:18","modified_gmt":"2025-07-12T16:51:18","slug":"cae-trong-san-suat","status":"publish","type":"page","link":"https:\/\/optimalcaesolution.com\/vi\/cae-trong-san-suat\/","title":{"rendered":"CAE trong S\u1ea3n Su\u1ea5t"},"content":{"rendered":"\t\t<div data-elementor-type=\"wp-page\" data-elementor-id=\"2469\" class=\"elementor elementor-2469 elementor-75\" data-elementor-post-type=\"page\">\n\t\t\t\t<div class=\"elementor-element elementor-element-68adbbb3 e-flex e-con-boxed e-con e-parent\" data-id=\"68adbbb3\" data-element_type=\"container\">\n\t\t\t\t\t<div class=\"e-con-inner\">\n\t\t\t\t<div class=\"elementor-element elementor-element-20daf8f elementor-widget elementor-widget-heading\" data-id=\"20daf8f\" data-element_type=\"widget\" data-widget_type=\"heading.default\">\n\t\t\t\t<div class=\"elementor-widget-container\">\n\t\t\t\t\t<h2 class=\"elementor-heading-title elementor-size-default\">Nh\u1eadn vi\u1ec7c ph\u00e2n t\u00edch CAE v\u00e0 v\u1ebd 2D, 3D\n<\/h2>\t\t\t\t<\/div>\n\t\t\t\t<\/div>\n\t\t\t\t<div class=\"elementor-element elementor-element-c9a5601 elementor-widget elementor-widget-text-editor\" data-id=\"c9a5601\" data-element_type=\"widget\" data-widget_type=\"text-editor.default\">\n\t\t\t\t<div class=\"elementor-widget-container\">\n\t\t\t\t\t\t\t\t\t<p>T\u1ed1i \u01b0u h\u00f3a thi\u1ebft k\u1ebf thi\u1ebft b\u1ecb th\u00f4ng qua x\u00e1c minh b\u1eb1ng CAE v\u00e0 nhanh ch\u00f3ng \u0111\u01b0a ra c\u00e1c \u0111\u1ed1i s\u00e1ch nh\u1edd vi\u1ec7c h\u00ecnh dung c\u00e1c hi\u1ec7n t\u01b0\u1ee3ng x\u1ea3y ra trong qu\u00e1 tr\u00ecnh s\u1ea3n xu\u1ea5t b\u1eb1ng CAE<\/p>\t\t\t\t\t\t\t\t<\/div>\n\t\t\t\t<\/div>\n\t\t\t\t<div class=\"elementor-element elementor-element-73e482c elementor-widget elementor-widget-heading\" data-id=\"73e482c\" data-element_type=\"widget\" data-widget_type=\"heading.default\">\n\t\t\t\t<div class=\"elementor-widget-container\">\n\t\t\t\t\t<h3 class=\"elementor-heading-title elementor-size-default\">\u30fb Quy tr\u00ecnh h\u00ecnh th\u00e0nh s\u1ea3n ph\u1ea9m<\/h3>\t\t\t\t<\/div>\n\t\t\t\t<\/div>\n\t\t\t\t<div class=\"elementor-element elementor-element-bec2217 elementor-widget elementor-widget-image\" data-id=\"bec2217\" data-element_type=\"widget\" data-widget_type=\"image.default\">\n\t\t\t\t<div class=\"elementor-widget-container\">\n\t\t\t\t\t\t\t\t\t\t\t\t\t\t\t<img loading=\"lazy\" decoding=\"async\" width=\"1989\" height=\"853\" src=\"https:\/\/optimalcaesolution.com\/wp-content\/uploads\/2025\/07\/image-2.png\" class=\"attachment-full size-full wp-image-2841\" alt=\"\" srcset=\"https:\/\/optimalcaesolution.com\/wp-content\/uploads\/2025\/07\/image-2.png 1989w, https:\/\/optimalcaesolution.com\/wp-content\/uploads\/2025\/07\/image-2-300x129.png 300w, https:\/\/optimalcaesolution.com\/wp-content\/uploads\/2025\/07\/image-2-1024x439.png 1024w, https:\/\/optimalcaesolution.com\/wp-content\/uploads\/2025\/07\/image-2-768x329.png 768w, https:\/\/optimalcaesolution.com\/wp-content\/uploads\/2025\/07\/image-2-1536x659.png 1536w\" sizes=\"auto, (max-width: 1989px) 100vw, 1989px\" \/>\t\t\t\t\t\t\t\t\t\t\t\t\t\t\t<\/div>\n\t\t\t\t<\/div>\n\t\t\t\t<div class=\"elementor-element elementor-element-37a28ba elementor-widget elementor-widget-heading\" data-id=\"37a28ba\" data-element_type=\"widget\" data-widget_type=\"heading.default\">\n\t\t\t\t<div class=\"elementor-widget-container\">\n\t\t\t\t\t<h4 class=\"elementor-heading-title elementor-size-default\">B\u1eb1ng c\u00e1ch s\u1eed d\u1ee5ng CAE, ch\u00fang t\u00f4i \u0111\u00e3 ti\u1ebft ki\u1ec7m \u0111\u01b0\u1ee3c th\u1eddi gian v\u00e0 chi ph\u00ed trong thi\u1ebft k\u1ebf s\u1ea3n ph\u1ea9m, thi\u1ebft b\u1ecb v\u00e0 c\u00e1c bi\u1ec7n ph\u00e1p kh\u1eafc ph\u1ee5c l\u1ed7i.\n<\/h4>\t\t\t\t<\/div>\n\t\t\t\t<\/div>\n\t\t\t\t\t<\/div>\n\t\t\t\t<\/div>\n\t\t<div class=\"elementor-element elementor-element-4d33841 e-flex e-con-boxed e-con e-parent\" data-id=\"4d33841\" data-element_type=\"container\">\n\t\t\t\t\t<div class=\"e-con-inner\">\n\t\t\t\t<div class=\"elementor-element elementor-element-6e94986 elementor-widget elementor-widget-heading\" data-id=\"6e94986\" data-element_type=\"widget\" data-widget_type=\"heading.default\">\n\t\t\t\t<div class=\"elementor-widget-container\">\n\t\t\t\t\t<h3 class=\"elementor-heading-title elementor-size-default\">\u30fbPh\u1ea1m vi \u1ee9ng d\u1ee5ng CAE trong s\u1ea3n xu\u1ea5t\n<\/h3>\t\t\t\t<\/div>\n\t\t\t\t<\/div>\n\t\t\t\t<div class=\"elementor-element elementor-element-c85f159 elementor-widget elementor-widget-image\" data-id=\"c85f159\" data-element_type=\"widget\" data-widget_type=\"image.default\">\n\t\t\t\t<div class=\"elementor-widget-container\">\n\t\t\t\t\t\t\t\t\t\t\t\t\t\t\t<img loading=\"lazy\" decoding=\"async\" width=\"1950\" height=\"1015\" src=\"https:\/\/optimalcaesolution.com\/wp-content\/uploads\/2025\/07\/image-3.png\" class=\"attachment-full size-full wp-image-2853\" alt=\"\" srcset=\"https:\/\/optimalcaesolution.com\/wp-content\/uploads\/2025\/07\/image-3.png 1950w, https:\/\/optimalcaesolution.com\/wp-content\/uploads\/2025\/07\/image-3-300x156.png 300w, https:\/\/optimalcaesolution.com\/wp-content\/uploads\/2025\/07\/image-3-1024x533.png 1024w, https:\/\/optimalcaesolution.com\/wp-content\/uploads\/2025\/07\/image-3-768x400.png 768w, https:\/\/optimalcaesolution.com\/wp-content\/uploads\/2025\/07\/image-3-1536x800.png 1536w\" sizes=\"auto, (max-width: 1950px) 100vw, 1950px\" \/>\t\t\t\t\t\t\t\t\t\t\t\t\t\t\t<\/div>\n\t\t\t\t<\/div>\n\t\t\t\t\t<\/div>\n\t\t\t\t<\/div>\n\t\t<div class=\"elementor-element elementor-element-15b3513 e-flex e-con-boxed e-con e-parent\" data-id=\"15b3513\" data-element_type=\"container\">\n\t\t\t\t\t<div class=\"e-con-inner\">\n\t\t\t\t<div class=\"elementor-element elementor-element-01bf5a4 elementor-widget-divider--view-line elementor-widget elementor-widget-divider\" data-id=\"01bf5a4\" data-element_type=\"widget\" data-widget_type=\"divider.default\">\n\t\t\t\t<div class=\"elementor-widget-container\">\n\t\t\t\t\t\t\t<div class=\"elementor-divider\">\n\t\t\t<span class=\"elementor-divider-separator\">\n\t\t\t\t\t\t<\/span>\n\t\t<\/div>\n\t\t\t\t\t\t<\/div>\n\t\t\t\t<\/div>\n\t\t\t\t<div class=\"elementor-element elementor-element-ca50988 elementor-widget elementor-widget-heading\" data-id=\"ca50988\" data-element_type=\"widget\" data-widget_type=\"heading.default\">\n\t\t\t\t<div class=\"elementor-widget-container\">\n\t\t\t\t\t<h3 class=\"elementor-heading-title elementor-size-default\">V\u00ed d\u1ee5 CAE trong S\u1ea3n Su\u1ea5t<\/h3>\t\t\t\t<\/div>\n\t\t\t\t<\/div>\n\t\t\t\t\t<\/div>\n\t\t\t\t<\/div>\n\t\t\t\t<\/div>\n\t\t","protected":false},"excerpt":{"rendered":"<p>Nh\u1eadn vi\u1ec7c ph\u00e2n t\u00edch CAE v\u00e0 v\u1ebd 2D, 3D T\u1ed1i \u01b0u h\u00f3a thi\u1ebft k\u1ebf thi\u1ebft b\u1ecb th\u00f4ng qua x\u00e1c minh b\u1eb1ng CAE v\u00e0 nhanh ch\u00f3ng \u0111\u01b0a ra c\u00e1c \u0111\u1ed1i s\u00e1ch nh\u1edd vi\u1ec7c h\u00ecnh dung c\u00e1c hi\u1ec7n t\u01b0\u1ee3ng x\u1ea3y ra trong [&hellip;]<\/p>\n","protected":false},"author":1,"featured_media":0,"parent":0,"menu_order":0,"comment_status":"closed","ping_status":"closed","template":"","meta":{"_uag_custom_page_level_css":"","site-sidebar-layout":"default","site-content-layout":"","ast-site-content-layout":"default","site-content-style":"default","site-sidebar-style":"default","ast-global-header-display":"","ast-banner-title-visibility":"","ast-main-header-display":"","ast-hfb-above-header-display":"","ast-hfb-below-header-display":"","ast-hfb-mobile-header-display":"","site-post-title":"disabled","ast-breadcrumbs-content":"","ast-featured-img":"","footer-sml-layout":"","theme-transparent-header-meta":"","adv-header-id-meta":"","stick-header-meta":"","header-above-stick-meta":"","header-main-stick-meta":"","header-below-stick-meta":"","astra-migrate-meta-layouts":"default","ast-page-background-enabled":"default","ast-page-background-meta":{"desktop":{"background-color":"","background-image":"","background-repeat":"repeat","background-position":"center center","background-size":"auto","background-attachment":"scroll","background-type":"","background-media":"","overlay-type":"","overlay-color":"","overlay-opacity":"","overlay-gradient":""},"tablet":{"background-color":"","background-image":"","background-repeat":"repeat","background-position":"center center","background-size":"auto","background-attachment":"scroll","background-type":"","background-media":"","overlay-type":"","overlay-color":"","overlay-opacity":"","overlay-gradient":""},"mobile":{"background-color":"","background-image":"","background-repeat":"repeat","background-position":"center center","background-size":"auto","background-attachment":"scroll","background-type":"","background-media":"","overlay-type":"","overlay-color":"","overlay-opacity":"","overlay-gradient":""}},"ast-content-background-meta":{"desktop":{"background-color":"var(--ast-global-color-5)","background-image":"","background-repeat":"repeat","background-position":"center center","background-size":"auto","background-attachment":"scroll","background-type":"","background-media":"","overlay-type":"","overlay-color":"","overlay-opacity":"","overlay-gradient":""},"tablet":{"background-color":"var(--ast-global-color-5)","background-image":"","background-repeat":"repeat","background-position":"center center","background-size":"auto","background-attachment":"scroll","background-type":"","background-media":"","overlay-type":"","overlay-color":"","overlay-opacity":"","overlay-gradient":""},"mobile":{"background-color":"var(--ast-global-color-5)","background-image":"","background-repeat":"repeat","background-position":"center center","background-size":"auto","background-attachment":"scroll","background-type":"","background-media":"","overlay-type":"","overlay-color":"","overlay-opacity":"","overlay-gradient":""}},"footnotes":""},"class_list":["post-2469","page","type-page","status-publish","hentry"],"spectra_custom_meta":{"_elementor_edit_mode":["builder"],"_elementor_template_type":["wp-page"],"_wpml_media_duplicate":["1"],"_wpml_media_featured":["1"],"ast-main-header-display":[""],"ast-hfb-above-header-display":[""],"ast-hfb-below-header-display":[""],"ast-hfb-mobile-header-display":[""],"adv-header-id-meta":[""],"footer-sml-layout":[""],"stick-header-meta":[""],"header-main-stick-meta":[""],"header-above-stick-meta":[""],"header-below-stick-meta":[""],"site-post-title":["disabled"],"site-sidebar-layout":["default"],"site-content-layout":[""],"ast-featured-img":[""],"ast-breadcrumbs-content":[""],"theme-transparent-header-meta":[""],"ast-banner-title-visibility":[""],"ast-global-header-display":[""],"ast-site-content-layout":["default"],"site-content-style":["default"],"site-sidebar-style":["default"],"_top_nav_excluded":[""],"_cms_nav_minihome":[""],"_wp_page_template":["default"],"_elementor_data":["[{\"id\":\"68adbbb3\",\"elType\":\"container\",\"settings\":{\"display_condition_list\":[{\"display_condition_login_status\":\"subscriber\",\"_id\":\"45ac93b\"}]},\"elements\":[{\"id\":\"20daf8f\",\"elType\":\"widget\",\"settings\":{\"title\":\"Nh\\u1eadn vi\\u1ec7c ph\\u00e2n t\\u00edch CAE v\\u00e0 v\\u1ebd 2D, 3D\\n\",\"display_condition_list\":[{\"display_condition_login_status\":\"subscriber\",\"_id\":\"cdaf7c0\"}]},\"elements\":[],\"widgetType\":\"heading\"},{\"id\":\"c9a5601\",\"elType\":\"widget\",\"settings\":{\"editor\":\"<p>T\\u1ed1i \\u01b0u h\\u00f3a thi\\u1ebft k\\u1ebf thi\\u1ebft b\\u1ecb th\\u00f4ng qua x\\u00e1c minh b\\u1eb1ng CAE v\\u00e0 nhanh ch\\u00f3ng \\u0111\\u01b0a ra c\\u00e1c \\u0111\\u1ed1i s\\u00e1ch nh\\u1edd vi\\u1ec7c h\\u00ecnh dung c\\u00e1c hi\\u1ec7n t\\u01b0\\u1ee3ng x\\u1ea3y ra trong qu\\u00e1 tr\\u00ecnh s\\u1ea3n xu\\u1ea5t b\\u1eb1ng CAE<\\\/p>\",\"display_condition_list\":[{\"display_condition_login_status\":\"subscriber\",\"_id\":\"d935325\"}]},\"elements\":[],\"widgetType\":\"text-editor\"},{\"id\":\"73e482c\",\"elType\":\"widget\",\"settings\":{\"title\":\"\\u30fb Quy tr\\u00ecnh h\\u00ecnh th\\u00e0nh s\\u1ea3n ph\\u1ea9m\",\"header_size\":\"h3\",\"display_condition_list\":[{\"display_condition_login_status\":\"subscriber\",\"_id\":\"29d3f70\"}]},\"elements\":[],\"widgetType\":\"heading\"},{\"id\":\"bec2217\",\"elType\":\"widget\",\"settings\":{\"image\":{\"url\":\"https:\\\/\\\/optimalcaesolution.com\\\/wp-content\\\/uploads\\\/2025\\\/07\\\/image-2.png\",\"id\":2841,\"size\":\"\",\"alt\":\"\",\"source\":\"library\"},\"image_size\":\"full\",\"display_condition_list\":[{\"display_condition_login_status\":\"subscriber\",\"_id\":\"087bbef\"}],\"caption\":\"\"},\"elements\":[],\"widgetType\":\"image\"},{\"id\":\"37a28ba\",\"elType\":\"widget\",\"settings\":{\"title\":\"B\\u1eb1ng c\\u00e1ch s\\u1eed d\\u1ee5ng CAE, ch\\u00fang t\\u00f4i \\u0111\\u00e3 ti\\u1ebft ki\\u1ec7m \\u0111\\u01b0\\u1ee3c th\\u1eddi gian v\\u00e0 chi ph\\u00ed trong thi\\u1ebft k\\u1ebf s\\u1ea3n ph\\u1ea9m, thi\\u1ebft b\\u1ecb v\\u00e0 c\\u00e1c bi\\u1ec7n ph\\u00e1p kh\\u1eafc ph\\u1ee5c l\\u1ed7i.\\n\",\"header_size\":\"h4\",\"align\":\"center\",\"display_condition_list\":[{\"display_condition_login_status\":\"subscriber\",\"_id\":\"4b7e444\"}],\"__globals__\":{\"title_color\":\"globals\\\/colors?id=astglobalcolor0\"}},\"elements\":[],\"widgetType\":\"heading\"}],\"isInner\":false},{\"id\":\"4d33841\",\"elType\":\"container\",\"settings\":{\"display_condition_list\":[{\"display_condition_login_status\":\"subscriber\",\"_id\":\"acdc27c\"}]},\"elements\":[{\"id\":\"6e94986\",\"elType\":\"widget\",\"settings\":{\"title\":\"\\u30fbPh\\u1ea1m vi \\u1ee9ng d\\u1ee5ng CAE trong s\\u1ea3n xu\\u1ea5t\\n\",\"header_size\":\"h3\",\"display_condition_list\":[{\"display_condition_login_status\":\"subscriber\",\"_id\":\"69bcb85\"}]},\"elements\":[],\"widgetType\":\"heading\"},{\"id\":\"c85f159\",\"elType\":\"widget\",\"settings\":{\"image\":{\"url\":\"https:\\\/\\\/optimalcaesolution.com\\\/wp-content\\\/uploads\\\/2025\\\/07\\\/image-3.png\",\"id\":2853,\"size\":\"\",\"alt\":\"\",\"source\":\"library\"},\"image_size\":\"full\",\"display_condition_list\":[{\"display_condition_login_status\":\"subscriber\",\"_id\":\"5419258\"}],\"caption\":\"\"},\"elements\":[],\"widgetType\":\"image\"}],\"isInner\":false},{\"id\":\"15b3513\",\"elType\":\"container\",\"settings\":{\"display_condition_list\":[{\"display_condition_login_status\":\"subscriber\",\"_id\":\"3487913\"}]},\"elements\":[{\"id\":\"01bf5a4\",\"elType\":\"widget\",\"settings\":{\"text\":\"B\\u1ed9 chia\",\"display_condition_list\":[{\"display_condition_login_status\":\"subscriber\",\"_id\":\"3f64961\"}]},\"elements\":[],\"widgetType\":\"divider\"},{\"id\":\"ca50988\",\"elType\":\"widget\",\"settings\":{\"title\":\"V\\u00ed d\\u1ee5 CAE trong S\\u1ea3n Su\\u1ea5t\",\"display_condition_list\":[{\"display_condition_login_status\":\"subscriber\",\"_id\":\"26534bd\"}],\"header_size\":\"h3\"},\"elements\":[],\"widgetType\":\"heading\"},{\"id\":\"32b99d5\",\"elType\":\"widget\",\"settings\":{\"classic_columns\":\"1\",\"classic_posts_per_page\":5,\"classic_thumbnail\":\"left\",\"classic_thumbnail_size_size\":\"thumbnail\",\"classic_meta_separator\":\"\\\/\\\/\\\/\",\"classic_read_more_text\":\"Read More \\u00bb\",\"cards_meta_separator\":\"\\u2022\",\"cards_read_more_text\":\"Read More \\u00bb\",\"full_content_meta_separator\":\"\\\/\\\/\\\/\",\"posts_include\":[\"terms\"],\"pagination_type\":\"numbers\",\"pagination_page_limit\":\"5\",\"pagination_prev_label\":\"\\u00ab Previous\",\"pagination_next_label\":\"Next \\u00bb\",\"text\":\"Load More\",\"load_more_no_posts_custom_message\":\"Kh\\u00f4ng c\\u00f2n b\\u00e0i vi\\u1ebft n\\u00e0o \\u0111\\u1ec3 hi\\u1ec3n th\\u1ecb\",\"display_condition_list\":[{\"display_condition_login_status\":\"subscriber\",\"_id\":\"efbaca1\"}],\"classic_image_width\":{\"unit\":\"%\",\"size\":15,\"sizes\":[]},\"classic_item_ratio\":{\"unit\":\"px\",\"size\":1,\"sizes\":[]},\"posts_include_term_ids\":[\"58\"]},\"elements\":[],\"widgetType\":\"posts\"}],\"isInner\":false}]"],"_elementor_template_widget_type":[""],"_elementor_popup_display_settings":[""],"_last_translation_edit_mode":["translation-editor"],"_wpml_word_count":["97"],"_elementor_page_settings":[""],"_uag_page_assets":["a:9:{s:3:\"css\";s:263:\".uag-blocks-common-selector{z-index:var(--z-index-desktop) !important}@media (max-width: 976px){.uag-blocks-common-selector{z-index:var(--z-index-tablet) !important}}@media (max-width: 767px){.uag-blocks-common-selector{z-index:var(--z-index-mobile) !important}}\n\";s:2:\"js\";s:0:\"\";s:18:\"current_block_list\";a:8:{i:0;s:11:\"core\/search\";i:1;s:10:\"core\/group\";i:2;s:12:\"core\/heading\";i:3;s:17:\"core\/latest-posts\";i:4;s:20:\"core\/latest-comments\";i:5;s:13:\"core\/archives\";i:6;s:15:\"core\/categories\";i:7;s:10:\"core\/image\";}s:8:\"uag_flag\";b:0;s:11:\"uag_version\";s:10:\"1776412656\";s:6:\"gfonts\";a:0:{}s:10:\"gfonts_url\";s:0:\"\";s:12:\"gfonts_files\";a:0:{}s:14:\"uag_faq_layout\";b:0;}"],"_elementor_version":["3.30.3"],"_elementor_page_assets":["a:2:{s:6:\"styles\";a:4:{i:0;s:14:\"widget-heading\";i:1;s:12:\"widget-image\";i:2;s:14:\"widget-divider\";i:3;s:12:\"widget-posts\";}s:7:\"scripts\";a:2:{i:0;s:18:\"elementor-frontend\";i:1;s:12:\"imagesloaded\";}}"],"_elementor_css":["a:6:{s:4:\"time\";i:1775227599;s:5:\"fonts\";a:0:{}s:5:\"icons\";a:0:{}s:20:\"dynamic_elements_ids\";a:0:{}s:6:\"status\";s:4:\"file\";i:0;s:0:\"\";}"],"_elementor_element_cache":["{\"timeout\":1776439993,\"value\":{\"content\":\"<div class=\\\"elementor-element elementor-element-68adbbb3 e-flex e-con-boxed e-con e-parent\\\" data-id=\\\"68adbbb3\\\" data-element_type=\\\"container\\\">\\n\\t\\t\\t\\t\\t<div class=\\\"e-con-inner\\\">\\n\\t\\t\\t\\t<div class=\\\"elementor-element elementor-element-20daf8f elementor-widget elementor-widget-heading\\\" data-id=\\\"20daf8f\\\" data-element_type=\\\"widget\\\" data-widget_type=\\\"heading.default\\\">\\n\\t\\t\\t\\t<div class=\\\"elementor-widget-container\\\">\\n\\t\\t\\t\\t\\t<h2 class=\\\"elementor-heading-title elementor-size-default\\\">Nh\\u1eadn vi\\u1ec7c ph\\u00e2n t\\u00edch CAE v\\u00e0 v\\u1ebd 2D, 3D\\n<\\\/h2>\\t\\t\\t\\t<\\\/div>\\n\\t\\t\\t\\t<\\\/div>\\n\\t\\t[elementor-element k=\\\"250fdc0edb1d9190a4184154c3d9c75f\\\" data=\\\"eyJpZCI6ImM5YTU2MDEiLCJlbFR5cGUiOiJ3aWRnZXQiLCJzZXR0aW5ncyI6eyJlZGl0b3IiOiI8cD5UXHUxZWQxaSBcdTAxYjB1IGhcdTAwZjNhIHRoaVx1MWViZnQga1x1MWViZiB0aGlcdTFlYmZ0IGJcdTFlY2IgdGhcdTAwZjRuZyBxdWEgeFx1MDBlMWMgbWluaCBiXHUxZWIxbmcgQ0FFIHZcdTAwZTAgbmhhbmggY2hcdTAwZjNuZyBcdTAxMTFcdTAxYjBhIHJhIGNcdTAwZTFjIFx1MDExMVx1MWVkMWkgc1x1MDBlMWNoIG5oXHUxZWRkIHZpXHUxZWM3YyBoXHUwMGVjbmggZHVuZyBjXHUwMGUxYyBoaVx1MWVjN24gdFx1MDFiMFx1MWVlM25nIHhcdTFlYTN5IHJhIHRyb25nIHF1XHUwMGUxIHRyXHUwMGVjbmggc1x1MWVhM24geHVcdTFlYTV0IGJcdTFlYjFuZyBDQUU8XC9wPiIsImRpc3BsYXlfY29uZGl0aW9uX2xpc3QiOlt7ImRpc3BsYXlfY29uZGl0aW9uX2xvZ2luX3N0YXR1cyI6InN1YnNjcmliZXIiLCJfaWQiOiJkOTM1MzI1In1dfSwiZWxlbWVudHMiOltdLCJ3aWRnZXRUeXBlIjoidGV4dC1lZGl0b3IifQ==\\\"]\\t\\t<div class=\\\"elementor-element elementor-element-73e482c elementor-widget elementor-widget-heading\\\" data-id=\\\"73e482c\\\" data-element_type=\\\"widget\\\" data-widget_type=\\\"heading.default\\\">\\n\\t\\t\\t\\t<div class=\\\"elementor-widget-container\\\">\\n\\t\\t\\t\\t\\t<h3 class=\\\"elementor-heading-title elementor-size-default\\\">\\u30fb Quy tr\\u00ecnh h\\u00ecnh th\\u00e0nh s\\u1ea3n ph\\u1ea9m<\\\/h3>\\t\\t\\t\\t<\\\/div>\\n\\t\\t\\t\\t<\\\/div>\\n\\t\\t\\t\\t<div class=\\\"elementor-element elementor-element-bec2217 elementor-widget elementor-widget-image\\\" data-id=\\\"bec2217\\\" data-element_type=\\\"widget\\\" data-widget_type=\\\"image.default\\\">\\n\\t\\t\\t\\t<div class=\\\"elementor-widget-container\\\">\\n\\t\\t\\t\\t\\t\\t\\t\\t\\t\\t\\t\\t\\t\\t\\t<img width=\\\"1989\\\" height=\\\"853\\\" src=\\\"https:\\\/\\\/optimalcaesolution.com\\\/wp-content\\\/uploads\\\/2025\\\/07\\\/image-2.png\\\" class=\\\"attachment-full size-full wp-image-2841\\\" alt=\\\"\\\" srcset=\\\"https:\\\/\\\/optimalcaesolution.com\\\/wp-content\\\/uploads\\\/2025\\\/07\\\/image-2.png 1989w, https:\\\/\\\/optimalcaesolution.com\\\/wp-content\\\/uploads\\\/2025\\\/07\\\/image-2-300x129.png 300w, https:\\\/\\\/optimalcaesolution.com\\\/wp-content\\\/uploads\\\/2025\\\/07\\\/image-2-1024x439.png 1024w, https:\\\/\\\/optimalcaesolution.com\\\/wp-content\\\/uploads\\\/2025\\\/07\\\/image-2-768x329.png 768w, https:\\\/\\\/optimalcaesolution.com\\\/wp-content\\\/uploads\\\/2025\\\/07\\\/image-2-1536x659.png 1536w\\\" sizes=\\\"(max-width: 1989px) 100vw, 1989px\\\" \\\/>\\t\\t\\t\\t\\t\\t\\t\\t\\t\\t\\t\\t\\t\\t\\t<\\\/div>\\n\\t\\t\\t\\t<\\\/div>\\n\\t\\t\\t\\t<div class=\\\"elementor-element elementor-element-37a28ba elementor-widget elementor-widget-heading\\\" data-id=\\\"37a28ba\\\" data-element_type=\\\"widget\\\" data-widget_type=\\\"heading.default\\\">\\n\\t\\t\\t\\t<div class=\\\"elementor-widget-container\\\">\\n\\t\\t\\t\\t\\t<h4 class=\\\"elementor-heading-title elementor-size-default\\\">B\\u1eb1ng c\\u00e1ch s\\u1eed d\\u1ee5ng CAE, ch\\u00fang t\\u00f4i \\u0111\\u00e3 ti\\u1ebft ki\\u1ec7m \\u0111\\u01b0\\u1ee3c th\\u1eddi gian v\\u00e0 chi ph\\u00ed trong thi\\u1ebft k\\u1ebf s\\u1ea3n ph\\u1ea9m, thi\\u1ebft b\\u1ecb v\\u00e0 c\\u00e1c bi\\u1ec7n ph\\u00e1p kh\\u1eafc ph\\u1ee5c l\\u1ed7i.\\n<\\\/h4>\\t\\t\\t\\t<\\\/div>\\n\\t\\t\\t\\t<\\\/div>\\n\\t\\t\\t\\t\\t<\\\/div>\\n\\t\\t\\t\\t<\\\/div>\\n\\t\\t<div class=\\\"elementor-element elementor-element-4d33841 e-flex e-con-boxed e-con e-parent\\\" data-id=\\\"4d33841\\\" data-element_type=\\\"container\\\">\\n\\t\\t\\t\\t\\t<div class=\\\"e-con-inner\\\">\\n\\t\\t\\t\\t<div class=\\\"elementor-element elementor-element-6e94986 elementor-widget elementor-widget-heading\\\" data-id=\\\"6e94986\\\" data-element_type=\\\"widget\\\" data-widget_type=\\\"heading.default\\\">\\n\\t\\t\\t\\t<div class=\\\"elementor-widget-container\\\">\\n\\t\\t\\t\\t\\t<h3 class=\\\"elementor-heading-title elementor-size-default\\\">\\u30fbPh\\u1ea1m vi \\u1ee9ng d\\u1ee5ng CAE trong s\\u1ea3n xu\\u1ea5t\\n<\\\/h3>\\t\\t\\t\\t<\\\/div>\\n\\t\\t\\t\\t<\\\/div>\\n\\t\\t\\t\\t<div class=\\\"elementor-element elementor-element-c85f159 elementor-widget elementor-widget-image\\\" data-id=\\\"c85f159\\\" data-element_type=\\\"widget\\\" data-widget_type=\\\"image.default\\\">\\n\\t\\t\\t\\t<div class=\\\"elementor-widget-container\\\">\\n\\t\\t\\t\\t\\t\\t\\t\\t\\t\\t\\t\\t\\t\\t\\t<img width=\\\"1950\\\" height=\\\"1015\\\" src=\\\"https:\\\/\\\/optimalcaesolution.com\\\/wp-content\\\/uploads\\\/2025\\\/07\\\/image-3.png\\\" class=\\\"attachment-full size-full wp-image-2853\\\" alt=\\\"\\\" srcset=\\\"https:\\\/\\\/optimalcaesolution.com\\\/wp-content\\\/uploads\\\/2025\\\/07\\\/image-3.png 1950w, https:\\\/\\\/optimalcaesolution.com\\\/wp-content\\\/uploads\\\/2025\\\/07\\\/image-3-300x156.png 300w, https:\\\/\\\/optimalcaesolution.com\\\/wp-content\\\/uploads\\\/2025\\\/07\\\/image-3-1024x533.png 1024w, https:\\\/\\\/optimalcaesolution.com\\\/wp-content\\\/uploads\\\/2025\\\/07\\\/image-3-768x400.png 768w, https:\\\/\\\/optimalcaesolution.com\\\/wp-content\\\/uploads\\\/2025\\\/07\\\/image-3-1536x800.png 1536w\\\" sizes=\\\"(max-width: 1950px) 100vw, 1950px\\\" \\\/>\\t\\t\\t\\t\\t\\t\\t\\t\\t\\t\\t\\t\\t\\t\\t<\\\/div>\\n\\t\\t\\t\\t<\\\/div>\\n\\t\\t\\t\\t\\t<\\\/div>\\n\\t\\t\\t\\t<\\\/div>\\n\\t\\t<div class=\\\"elementor-element elementor-element-15b3513 e-flex e-con-boxed e-con e-parent\\\" data-id=\\\"15b3513\\\" data-element_type=\\\"container\\\">\\n\\t\\t\\t\\t\\t<div class=\\\"e-con-inner\\\">\\n\\t\\t\\t\\t<div class=\\\"elementor-element elementor-element-01bf5a4 elementor-widget-divider--view-line elementor-widget elementor-widget-divider\\\" data-id=\\\"01bf5a4\\\" data-element_type=\\\"widget\\\" data-widget_type=\\\"divider.default\\\">\\n\\t\\t\\t\\t<div class=\\\"elementor-widget-container\\\">\\n\\t\\t\\t\\t\\t\\t\\t<div class=\\\"elementor-divider\\\">\\n\\t\\t\\t<span class=\\\"elementor-divider-separator\\\">\\n\\t\\t\\t\\t\\t\\t<\\\/span>\\n\\t\\t<\\\/div>\\n\\t\\t\\t\\t\\t\\t<\\\/div>\\n\\t\\t\\t\\t<\\\/div>\\n\\t\\t\\t\\t<div class=\\\"elementor-element elementor-element-ca50988 elementor-widget elementor-widget-heading\\\" data-id=\\\"ca50988\\\" data-element_type=\\\"widget\\\" data-widget_type=\\\"heading.default\\\">\\n\\t\\t\\t\\t<div class=\\\"elementor-widget-container\\\">\\n\\t\\t\\t\\t\\t<h3 class=\\\"elementor-heading-title elementor-size-default\\\">V\\u00ed d\\u1ee5 CAE trong S\\u1ea3n Su\\u1ea5t<\\\/h3>\\t\\t\\t\\t<\\\/div>\\n\\t\\t\\t\\t<\\\/div>\\n\\t\\t[elementor-element k=\\\"250fdc0edb1d9190a4184154c3d9c75f\\\" data=\\\"eyJpZCI6IjMyYjk5ZDUiLCJlbFR5cGUiOiJ3aWRnZXQiLCJzZXR0aW5ncyI6eyJjbGFzc2ljX2NvbHVtbnMiOiIxIiwiY2xhc3NpY19wb3N0c19wZXJfcGFnZSI6NSwiY2xhc3NpY190aHVtYm5haWwiOiJsZWZ0IiwiY2xhc3NpY190aHVtYm5haWxfc2l6ZV9zaXplIjoidGh1bWJuYWlsIiwiY2xhc3NpY19tZXRhX3NlcGFyYXRvciI6IlwvXC9cLyIsImNsYXNzaWNfcmVhZF9tb3JlX3RleHQiOiJSZWFkIE1vcmUgXHUwMGJiIiwiY2FyZHNfbWV0YV9zZXBhcmF0b3IiOiJcdTIwMjIiLCJjYXJkc19yZWFkX21vcmVfdGV4dCI6IlJlYWQgTW9yZSBcdTAwYmIiLCJmdWxsX2NvbnRlbnRfbWV0YV9zZXBhcmF0b3IiOiJcL1wvXC8iLCJwb3N0c19pbmNsdWRlIjpbInRlcm1zIl0sInBhZ2luYXRpb25fdHlwZSI6Im51bWJlcnMiLCJwYWdpbmF0aW9uX3BhZ2VfbGltaXQiOiI1IiwicGFnaW5hdGlvbl9wcmV2X2xhYmVsIjoiXHUwMGFiIFByZXZpb3VzIiwicGFnaW5hdGlvbl9uZXh0X2xhYmVsIjoiTmV4dCBcdTAwYmIiLCJ0ZXh0IjoiTG9hZCBNb3JlIiwibG9hZF9tb3JlX25vX3Bvc3RzX2N1c3RvbV9tZXNzYWdlIjoiS2hcdTAwZjRuZyBjXHUwMGYybiBiXHUwMGUwaSB2aVx1MWViZnQgblx1MDBlMG8gXHUwMTExXHUxZWMzIGhpXHUxZWMzbiB0aFx1MWVjYiIsImRpc3BsYXlfY29uZGl0aW9uX2xpc3QiOlt7ImRpc3BsYXlfY29uZGl0aW9uX2xvZ2luX3N0YXR1cyI6InN1YnNjcmliZXIiLCJfaWQiOiJlZmJhY2ExIn1dLCJjbGFzc2ljX2ltYWdlX3dpZHRoIjp7InVuaXQiOiIlIiwic2l6ZSI6MTUsInNpemVzIjpbXX0sImNsYXNzaWNfaXRlbV9yYXRpbyI6eyJ1bml0IjoicHgiLCJzaXplIjoxLCJzaXplcyI6W119LCJwb3N0c19pbmNsdWRlX3Rlcm1faWRzIjpbIjU4Il19LCJlbGVtZW50cyI6W10sIndpZGdldFR5cGUiOiJwb3N0cyJ9\\\"]\\t\\t\\t<\\\/div>\\n\\t\\t\\t\\t<\\\/div>\\n\\t\\t\",\"scripts\":[],\"styles\":[]}}"],"_uag_css_file_name":["uag-css-2469.css"]},"uagb_featured_image_src":{"full":false,"thumbnail":false,"medium":false,"medium_large":false,"large":false,"1536x1536":false,"2048x2048":false},"uagb_author_info":{"display_name":"hoathep","author_link":"https:\/\/optimalcaesolution.com\/vi\/author\/hoathep\/"},"uagb_comment_info":0,"uagb_excerpt":"Nh\u1eadn vi\u1ec7c ph\u00e2n t\u00edch CAE v\u00e0 v\u1ebd 2D, 3D T\u1ed1i \u01b0u h\u00f3a thi\u1ebft k\u1ebf thi\u1ebft b\u1ecb th\u00f4ng qua x\u00e1c minh b\u1eb1ng CAE v\u00e0 nhanh ch\u00f3ng \u0111\u01b0a ra c\u00e1c \u0111\u1ed1i s\u00e1ch nh\u1edd vi\u1ec7c h\u00ecnh dung c\u00e1c hi\u1ec7n t\u01b0\u1ee3ng x\u1ea3y ra trong [&hellip;]","_links":{"self":[{"href":"https:\/\/optimalcaesolution.com\/vi\/wp-json\/wp\/v2\/pages\/2469","targetHints":{"allow":["GET"]}}],"collection":[{"href":"https:\/\/optimalcaesolution.com\/vi\/wp-json\/wp\/v2\/pages"}],"about":[{"href":"https:\/\/optimalcaesolution.com\/vi\/wp-json\/wp\/v2\/types\/page"}],"author":[{"embeddable":true,"href":"https:\/\/optimalcaesolution.com\/vi\/wp-json\/wp\/v2\/users\/1"}],"replies":[{"embeddable":true,"href":"https:\/\/optimalcaesolution.com\/vi\/wp-json\/wp\/v2\/comments?post=2469"}],"version-history":[{"count":2,"href":"https:\/\/optimalcaesolution.com\/vi\/wp-json\/wp\/v2\/pages\/2469\/revisions"}],"predecessor-version":[{"id":3020,"href":"https:\/\/optimalcaesolution.com\/vi\/wp-json\/wp\/v2\/pages\/2469\/revisions\/3020"}],"wp:attachment":[{"href":"https:\/\/optimalcaesolution.com\/vi\/wp-json\/wp\/v2\/media?parent=2469"}],"curies":[{"name":"wp","href":"https:\/\/api.w.org\/{rel}","templated":true}]}}